{"id":25,"date":"2022-05-12T17:45:38","date_gmt":"2022-05-12T17:45:38","guid":{"rendered":"https:\/\/breakthroughpt.confluentclinics.com\/about\/"},"modified":"2025-10-13T14:41:33","modified_gmt":"2025-10-13T14:41:33","slug":"about","status":"publish","type":"page","link":"https:\/\/breakthrough-pt.com\/es\/about\/","title":{"rendered":"Sobre nosotros"},"content":{"rendered":"<p>Fisioterapeutas especializados para ayudarte a cumplir tus objetivos.<\/p>\n\t<p>BreakThrough est\u00e1 redefiniendo el PT.<\/p>\n<p>From our highly-specialized physical therapists, friendly staff, continuing education for best practices, quick response times, and and individualized approach to patient care, you can be confident you&#8217;re getting the support you need to meet your goals.<\/p>\n<p>Con la mayor cantidad de terapeutas certificados de cualquier pr\u00e1ctica en el \u00e1rea, puede estar seguro de que recibir\u00e1 atenci\u00f3n de la m\u00e1s alta calidad utilizando investigaciones, tecnolog\u00eda y mejores pr\u00e1cticas de vanguardia.<\/p>\n\t\t\t\t<img decoding=\"async\" src=\"https:\/\/breakthrough-pt.com\/wp-content\/uploads\/sites\/25\/2022\/06\/image-2.jpg\" alt=\"image 2\" itemprop=\"image\" height=\"563\" width=\"593\" title=\"imagen 2\" onerror=\"this.style.display='none'\" loading='lazy' \/>\n\t<h3>Tenemos las \u00faltimas novedades en Fisioterapia disponibles con un clic<\/h3>\n<p>Suscr\u00edbase a nuestro bolet\u00edn hoy.<\/p>\n\t\t\t<a href=\"\/es\/newsletter\/\" target=\"_self\" role=\"button\">\n\t\t\t\t\t\t\tReg\u00edstrate ahora\t\t\t\t\t\t\t\t\t\n\t\t\t\t\t<\/a>\n\t<p><strong>Con\u00e9ctese con un PT comprometido en el que pueda confiar.<\/strong><\/p>\n<p>Nadie deber\u00eda tener que vivir una vida limitada por el dolor, sin saber c\u00f3mo encontrar un alivio duradero. Es por eso que comenzamos a ayudarlo a llegar a la ra\u00edz de su problema tan pronto como ingresa.<\/p>\n<p>Con BreakThrough a tu lado, te beneficiar\u00e1s de:<\/p>\n<ul>\n<li><strong>Resultados que perduran:<\/strong>\u00a0Nuestros fisioterapeutas combinan procedimientos de vanguardia con a\u00f1os de experiencia para crear planes individualizados para su atenci\u00f3n. As\u00ed obtendr\u00e1s resultados que realmente duran.<\/li>\n<li><strong>No m\u00e1s encubrir tu dolor:<\/strong>\u00a0Con demasiada frecuencia, uno se ve obligado a enmascarar el dolor con medicamentos o recurrir a una costosa cirug\u00eda que ni siquiera funciona. Con un plan personalizado, dejar\u00e1s de enmascarar tu dolor y empezar\u00e1s a ver resultados reales.<\/li>\n<li><strong>Mejora del rendimiento f\u00edsico:<\/strong>\u00a0Vuelva a la vida que ama, ya sea realizando actividades diarias simples sin dolor o volviendo a los deportes que disfruta con un rendimiento mejorado.<\/li>\n<\/ul>\n\t<p>BreakThrough Physical Therapy is proud to be part of <a href=\"https:\/\/confluenthealth.com\/\" target=\"_blank\" rel=\"noreferrer noopener\">Salud confluente<\/a>, a leading national provider of physical therapy and musculoskeletal health services committed to evidence-based care, innovative treatment, and personalized recovery plans that help patients move better, feel stronger, and live pain-free.<\/p>\n        <h3>Obtenga la atenci\u00f3n que se merece de un equipo en el que conf\u00eda.<\/h3>\n        <p>Estaremos contigo en cada paso del camino.<\/p>        <a href=\"https:\/\/breakthrough-pt.com\/es\/schedule-an-appointment\/\" target=\"_self\">Aprende m\u00e1s <\/a>\n        <img decoding=\"async\" src=\"https:\/\/breakthrough-pt.com\/wp-content\/uploads\/sites\/25\/2022\/07\/81809125_BackPainCaseStudy-mobile.jpeg\" alt=\"\"\/>\n\t<h3>Hacemos que su camino hacia la recuperaci\u00f3n sea f\u00e1cil.<\/h3>\n<p>Ya sea que sea la primera vez que ingresa a una cl\u00ednica de fisioterapia o haya sido un cliente habitual en otro lugar con resultados mediocres, nos aseguraremos de que vea la diferencia de BreakThrough.<\/p>\n<p>Nuestros fisioterapeutas altamente especializados contin\u00faan perfeccionando sus habilidades y aprendiendo lo \u00faltimo en atenci\u00f3n para que podamos ayudarlo a alcanzar sus objetivos de la manera m\u00e1s eficiente y efectiva posible. Caminaremos junto a usted en cada paso del camino, brind\u00e1ndole un camino claro y ayud\u00e1ndolo a alcanzar con \u00e9xito sus objetivos a largo plazo.<\/p>\n<p><strong>As\u00ed es como funciona:<\/strong><\/p>\n<ul>\n<li>Con\u00e9ctese con un fisioterapeuta comprometido con el que pueda contar: ya no tendr\u00e1 que adivinar a qui\u00e9n ver\u00e1 en la cl\u00ednica esta semana. Creemos que la mejor manera de brindar una atenci\u00f3n eficaz es a trav\u00e9s de una relaci\u00f3n personalizada con un terapeuta altamente capacitado que estar\u00e1 a su lado, brind\u00e1ndole orientaci\u00f3n y apoyo expertos para lograr resultados duraderos.<\/li>\n<li>Cu\u00e9ntanos tu historia: tu camino \u00fanico hacia la recuperaci\u00f3n comienza con tu propia historia personal. Escuchamos y conocemos sus obst\u00e1culos, metas y ambiciones para el futuro, para que podamos crear un plan estrat\u00e9gico personalizado que lo ayude a lograrlo.<\/li>\n<li>Mejore y mant\u00e9ngase mejor: la mejor manera de cuidar su cuerpo es entenderlo. Nos tomaremos el tiempo para explicar la causa ra\u00edz de su afecci\u00f3n y c\u00f3mo se relaciona con el logro de sus objetivos. Trataremos el problema, no el s\u00edntoma, para que usted pueda mejorar y mantenerse mejor.<\/li>\n<\/ul>\n            <h3>Atenci\u00f3n confiable por parte de un equipo de expertos.<\/h3>\n            <p>BreakThrough ofrece varias especialidades, que incluyen:<\/p>\n<ul>\n<li>Dolor cr\u00f3nico<\/li>\n<li>Realidad virtual<\/li>\n<li>Dolor p\u00e9lvico<\/li>\n<li>Restricci\u00f3n del flujo sangu\u00edneo<\/li>\n<li>punci\u00f3n seca<\/li>\n<li>LSVT<\/li>\n<li>Ortoped\u00eda<\/li>\n<\/ul>","protected":false},"excerpt":{"rendered":"<p>Specialized physical therapists to help you meet your goals. BreakThrough is redefining PT. From our highly-specialized physical therapists, friendly staff, continuing education for best practices, [&hellip;]<\/p>","protected":false},"author":1,"featured_media":0,"parent":0,"menu_order":3,"comment_status":"closed","ping_status":"closed","template":"","meta":{"_acf_changed":false,"footnotes":""},"class_list":["post-25","page","type-page","status-publish","hentry"],"acf":[],"yoast_head":"<!-- This site is optimized with the Yoast SEO plugin v26.8 - https:\/\/yoast.com\/product\/yoast-seo-wordpress\/ -->\n<title>About Us | BreakThrough Physical Therapy<\/title>\n<meta name=\"robots\" content=\"index, follow, max-snippet:-1, max-image-preview:large, max-video-preview:-1\" \/>\n<link rel=\"canonical\" href=\"https:\/\/breakthrough-pt.com\/es\/about\/\" \/>\n<meta property=\"og:locale\" content=\"es_MX\" \/>\n<meta property=\"og:type\" content=\"article\" \/>\n<meta property=\"og:title\" content=\"About Us | BreakThrough Physical Therapy\" \/>\n<meta property=\"og:description\" content=\"Specialized physical therapists to help you meet your goals. BreakThrough is redefining PT. From our highly-specialized physical therapists, friendly staff, continuing education for best practices, [&hellip;]\" \/>\n<meta property=\"og:url\" content=\"https:\/\/breakthrough-pt.com\/es\/about\/\" \/>\n<meta property=\"og:site_name\" content=\"BreakThrough Physical Therapy\" \/>\n<meta property=\"article:modified_time\" content=\"2025-10-13T14:41:33+00:00\" \/>\n<meta property=\"og:image\" content=\"https:\/\/breakthrough-pt.com\/wp-content\/uploads\/sites\/25\/2022\/06\/image-2.jpg\" \/>\n<meta name=\"twitter:card\" content=\"summary_large_image\" \/>\n<meta name=\"twitter:label1\" content=\"Tiempo de lectura\" \/>\n\t<meta name=\"twitter:data1\" content=\"3 minutos\" \/>\n<script type=\"application\/ld+json\" class=\"yoast-schema-graph\">{\"@context\":\"https:\/\/schema.org\",\"@graph\":[{\"@type\":\"WebPage\",\"@id\":\"https:\/\/breakthrough-pt.com\/es\/about\/\",\"url\":\"https:\/\/breakthrough-pt.com\/es\/about\/\",\"name\":\"About Us | BreakThrough Physical Therapy\",\"isPartOf\":{\"@id\":\"https:\/\/breakthrough-pt.com\/es\/#website\"},\"primaryImageOfPage\":{\"@id\":\"https:\/\/breakthrough-pt.com\/es\/about\/#primaryimage\"},\"image\":{\"@id\":\"https:\/\/breakthrough-pt.com\/es\/about\/#primaryimage\"},\"thumbnailUrl\":\"https:\/\/breakthrough-pt.com\/wp-content\/uploads\/sites\/25\/2022\/06\/image-2.jpg\",\"datePublished\":\"2022-05-12T17:45:38+00:00\",\"dateModified\":\"2025-10-13T14:41:33+00:00\",\"breadcrumb\":{\"@id\":\"https:\/\/breakthrough-pt.com\/es\/about\/#breadcrumb\"},\"inLanguage\":\"es\",\"potentialAction\":[{\"@type\":\"ReadAction\",\"target\":[\"https:\/\/breakthrough-pt.com\/es\/about\/\"]}]},{\"@type\":\"ImageObject\",\"inLanguage\":\"es\",\"@id\":\"https:\/\/breakthrough-pt.com\/es\/about\/#primaryimage\",\"url\":\"https:\/\/breakthrough-pt.com\/wp-content\/uploads\/sites\/25\/2022\/06\/image-2.jpg\",\"contentUrl\":\"https:\/\/breakthrough-pt.com\/wp-content\/uploads\/sites\/25\/2022\/06\/image-2.jpg\"},{\"@type\":\"BreadcrumbList\",\"@id\":\"https:\/\/breakthrough-pt.com\/es\/about\/#breadcrumb\",\"itemListElement\":[{\"@type\":\"ListItem\",\"position\":1,\"name\":\"Home\",\"item\":\"https:\/\/breakthrough-pt.com\/\"},{\"@type\":\"ListItem\",\"position\":2,\"name\":\"About Us\"}]},{\"@type\":\"WebSite\",\"@id\":\"https:\/\/breakthrough-pt.com\/es\/#website\",\"url\":\"https:\/\/breakthrough-pt.com\/es\/\",\"name\":\"BreakThrough Physical Therapy\",\"description\":\"\",\"potentialAction\":[{\"@type\":\"SearchAction\",\"target\":{\"@type\":\"EntryPoint\",\"urlTemplate\":\"https:\/\/breakthrough-pt.com\/es\/?s={search_term_string}\"},\"query-input\":{\"@type\":\"PropertyValueSpecification\",\"valueRequired\":true,\"valueName\":\"search_term_string\"}}],\"inLanguage\":\"es\"}]}<\/script>\n<!-- \/ Yoast SEO plugin. -->","yoast_head_json":{"title":"About Us | BreakThrough Physical Therapy","robots":{"index":"index","follow":"follow","max-snippet":"max-snippet:-1","max-image-preview":"max-image-preview:large","max-video-preview":"max-video-preview:-1"},"canonical":"https:\/\/breakthrough-pt.com\/es\/about\/","og_locale":"es_MX","og_type":"article","og_title":"About Us | BreakThrough Physical Therapy","og_description":"Specialized physical therapists to help you meet your goals. BreakThrough is redefining PT. From our highly-specialized physical therapists, friendly staff, continuing education for best practices, [&hellip;]","og_url":"https:\/\/breakthrough-pt.com\/es\/about\/","og_site_name":"BreakThrough Physical Therapy","article_modified_time":"2025-10-13T14:41:33+00:00","og_image":[{"url":"https:\/\/breakthrough-pt.com\/wp-content\/uploads\/sites\/25\/2022\/06\/image-2.jpg","type":"","width":"","height":""}],"twitter_card":"summary_large_image","twitter_misc":{"Tiempo de lectura":"3 minutos"},"schema":{"@context":"https:\/\/schema.org","@graph":[{"@type":"WebPage","@id":"https:\/\/breakthrough-pt.com\/es\/about\/","url":"https:\/\/breakthrough-pt.com\/es\/about\/","name":"About Us | BreakThrough Physical Therapy","isPartOf":{"@id":"https:\/\/breakthrough-pt.com\/es\/#website"},"primaryImageOfPage":{"@id":"https:\/\/breakthrough-pt.com\/es\/about\/#primaryimage"},"image":{"@id":"https:\/\/breakthrough-pt.com\/es\/about\/#primaryimage"},"thumbnailUrl":"https:\/\/breakthrough-pt.com\/wp-content\/uploads\/sites\/25\/2022\/06\/image-2.jpg","datePublished":"2022-05-12T17:45:38+00:00","dateModified":"2025-10-13T14:41:33+00:00","breadcrumb":{"@id":"https:\/\/breakthrough-pt.com\/es\/about\/#breadcrumb"},"inLanguage":"es","potentialAction":[{"@type":"ReadAction","target":["https:\/\/breakthrough-pt.com\/es\/about\/"]}]},{"@type":"ImageObject","inLanguage":"es","@id":"https:\/\/breakthrough-pt.com\/es\/about\/#primaryimage","url":"https:\/\/breakthrough-pt.com\/wp-content\/uploads\/sites\/25\/2022\/06\/image-2.jpg","contentUrl":"https:\/\/breakthrough-pt.com\/wp-content\/uploads\/sites\/25\/2022\/06\/image-2.jpg"},{"@type":"BreadcrumbList","@id":"https:\/\/breakthrough-pt.com\/es\/about\/#breadcrumb","itemListElement":[{"@type":"ListItem","position":1,"name":"Home","item":"https:\/\/breakthrough-pt.com\/"},{"@type":"ListItem","position":2,"name":"About Us"}]},{"@type":"WebSite","@id":"https:\/\/breakthrough-pt.com\/es\/#website","url":"https:\/\/breakthrough-pt.com\/es\/","name":"Fisioterapia innovadora","description":"","potentialAction":[{"@type":"SearchAction","target":{"@type":"EntryPoint","urlTemplate":"https:\/\/breakthrough-pt.com\/es\/?s={search_term_string}"},"query-input":{"@type":"PropertyValueSpecification","valueRequired":true,"valueName":"search_term_string"}}],"inLanguage":"es"}]}},"jetpack_sharing_enabled":true,"_links":{"self":[{"href":"https:\/\/breakthrough-pt.com\/es\/wp-json\/wp\/v2\/pages\/25","targetHints":{"allow":["GET"]}}],"collection":[{"href":"https:\/\/breakthrough-pt.com\/es\/wp-json\/wp\/v2\/pages"}],"about":[{"href":"https:\/\/breakthrough-pt.com\/es\/wp-json\/wp\/v2\/types\/page"}],"author":[{"embeddable":true,"href":"https:\/\/breakthrough-pt.com\/es\/wp-json\/wp\/v2\/users\/1"}],"replies":[{"embeddable":true,"href":"https:\/\/breakthrough-pt.com\/es\/wp-json\/wp\/v2\/comments?post=25"}],"version-history":[{"count":0,"href":"https:\/\/breakthrough-pt.com\/es\/wp-json\/wp\/v2\/pages\/25\/revisions"}],"wp:attachment":[{"href":"https:\/\/breakthrough-pt.com\/es\/wp-json\/wp\/v2\/media?parent=25"}],"curies":[{"name":"wp","href":"https:\/\/api.w.org\/{rel}","templated":true}]}}