{"id":19191,"date":"2024-05-14T20:40:25","date_gmt":"2024-05-14T20:40:25","guid":{"rendered":"https:\/\/breakthrough-pt.com\/?page_id=19191"},"modified":"2024-05-14T20:40:25","modified_gmt":"2024-05-14T20:40:25","slug":"community","status":"publish","type":"page","link":"https:\/\/breakthrough-pt.com\/es\/community\/","title":{"rendered":"En la comunidad"},"content":{"rendered":"<h1>\n\t\tPT Antiestr\u00e9s\n\t<\/h1>\n\t<p>More than a third of U.S. adults feel overwhelmed most days, which is why we are raising awareness about the vital role physical therapy plays in preventing and relieving stress-related tension and chronic pain. Stress often manifests in physical symptoms like shoulder, neck, jaw, or back pain. That&#8217;s where physical therapy comes in.<\/p>\n<p>Physical therapy is not just about treating pain after it occurs; it&#8217;s about prevention and empowering individuals with the tools they need to manage stress before it manifests as chronic pain. With the guidance of a physical therapist, patients can learn proactive techniques to stay ahead of stress-related pain and maintain better physical health, leading to a more balanced and resilient lifestyle.<\/p>\n<p>We&#8217;ve created resources below to help you identify your stress level, target the physical symptoms of stress with three exercises, and learn more about the benefits of physical therapy. Take our stress quiz below!<\/p>\n<h2>\n\t\t\u00bfQu\u00e9 tan estresado est\u00e1s? \n\t<\/h2>\n<h2>\n\t\tEstiramientos para aliviar el estr\u00e9s\n\t<\/h2>\n\t\t\t\n\t\t\t\t\tReproduce el video\n<h2>\n\t\t\u00bfSab\u00edas? \n\t<\/h2>\n\t\t\t\t<img decoding=\"async\" src=\"https:\/\/aptclinics.com\/wp-content\/uploads\/sites\/29\/2024\/09\/2024-October-DidYouKnow-Inforgraphic-Slide-1-v2.png\" alt=\"2024-October-DidYouKnow-Inforgraphic-Slide-1-v2\" title=\"2024-Octubre-\u00bfSab\u00edas-que-Infograf\u00eda-Diapositiva-1-v2\" \/>\n\t\t\t\t<img decoding=\"async\" src=\"https:\/\/aptclinics.com\/wp-content\/uploads\/sites\/29\/2024\/09\/2024-October-DidYouKnow-Inforgraphic-Slide-3.png\" alt=\"2024-October-DidYouKnow-Inforgraphic-Slide-3\" title=\"2024-Octubre-\u00bfSab\u00edas-que-Infograf\u00eda-Diapositiva-3\" \/>\n\t\t\t\t<img decoding=\"async\" src=\"https:\/\/aptclinics.com\/wp-content\/uploads\/sites\/29\/2024\/09\/2024-October-DidYouKnow-Inforgraphic-Slide-2.png\" alt=\"2024-October-DidYouKnow-Inforgraphic-Slide-2\" title=\"2024-October-DidYouKnow-Inforgraphic-Slide-2\" \/>\n\t\t\t\t<img decoding=\"async\" src=\"https:\/\/aptclinics.com\/wp-content\/uploads\/sites\/29\/2024\/09\/2024-October-DidYouKnow-Inforgraphic-Slide-4-v2.png\" alt=\"2024-October-DidYouKnow-Inforgraphic-Slide-4-v2\" title=\"2024-Octubre-\u00bfSab\u00edas-que-Infograf\u00eda-Diapositiva-4-v2\" \/>\n<h2>\n\t\tRecursos adicionales\n\t<\/h2>\n\t\t\t\t<a href=\"https:\/\/confluenthealth.com\/resources\/8-signs-that-you-should-call-a-doctor-for-your-back-pain\/\" target=\"_blank\" rel=\"noopener\">\n\t\t\t\t<img decoding=\"async\" src=\"https:\/\/confluenthealth.com\/wp-content\/uploads\/2023\/01\/Blog-FeaturedImage-JAN23-1-1024x576.png\" alt=\"Blog-FeaturedImage-JAN23-1-1024x576.png\" title=\"Blog-Imagen destacada-JAN23-1-1024x576.png\" \/>\n\t\t\t\t<\/a>\n\t<p><strong>8 se\u00f1ales de que debes llamar a un m\u00e9dico por tu dolor de espalda<br \/><\/strong><\/p>\n\t\t\t\t<a href=\"https:\/\/confluenthealth.com\/resources\/back-etology-8-lifestyle-choices-to-alleviate-back-pain\/\" target=\"_blank\" rel=\"noopener\">\n\t\t\t\t<img decoding=\"async\" src=\"https:\/\/confluenthealth.com\/wp-content\/uploads\/2024\/03\/MicrosoftTeams-image-105-1024x577.jpg\" alt=\"MicrosoftTeams-image-105-1024x577.jpg\" title=\"Imagen de Microsoft Teams 105-1024x577.jpg\" \/>\n\t\t\t\t<\/a>\n\t<p><strong>BACK-etolog\u00eda: 8 opciones de estilo de vida para aliviar el dolor de espalda<\/strong><\/p>\n\t\t\t\t<a href=\"https:\/\/confluenthealth.com\/resources\/what-is-vertigo-causes-symptoms-and-treatment\/\" target=\"_blank\" rel=\"noopener\">\n\t\t\t\t<img decoding=\"async\" src=\"https:\/\/confluenthealth.com\/wp-content\/uploads\/2024\/09\/Vertigo-Blog-Tile-scaled-e1726767096580-1024x578.jpeg\" alt=\"Vertigo-Blog-Tile-scaled-e1726767096580-1024x578.jpeg\" title=\"Vertigo-Blog-Tile-escalado-e1726767096580-1024x578.jpeg\" \/>\n\t\t\t\t<\/a>\n\t<p><strong>What is Vertigo &#8211; Causes, Symptoms and Treatment    <\/strong><\/p>\n\t\t\t\t<a href=\"https:\/\/confluenthealth.com\/resources\/what-is-vestibular-therapy\/\" target=\"_blank\" rel=\"noopener\">\n\t\t\t\t<img decoding=\"async\" src=\"https:\/\/confluenthealth.com\/wp-content\/uploads\/2024\/09\/Vestibular-Blog-Tile-scaled-e1726766207405-1024x556.jpeg\" alt=\"Vestibular-Blog-Tile-scaled-e1726766207405-1024x556.jpeg\" title=\"Mosaico de blog vestibular escalado e1726766207405-1024x556.jpeg\" \/>\n\t\t\t\t<\/a>\n\t<p><strong>\u00bfQu\u00e9 es la terapia vestibular?<\/strong><\/p>\n\t\t\t\t<img decoding=\"async\" src=\"https:\/\/breakthrough-pt.com\/wp-content\/uploads\/sites\/25\/2022\/06\/Default-Featured-Location-Image.jpg\" alt=\"Default Featured Location Image\" title=\"Imagen de ubicaci\u00f3n destacada predeterminada\" \/>\n\t<h2>Find a BreakThrough\u00a0Near You<\/h2>\n<p>&nbsp;<\/p>\n<p>With convenient locations, you&#8217;ll never have to travel too far to get the care you need.<\/p>\n\t\t\t<a href=\"\/es\/locations\/\" target=\"_self\" role=\"button\" rel=\"noopener\">\n\t\t\t\t\t\t\tencontrar una ubicaci\u00f3n\t\t\t\t\t\t\t\t\t\n\t\t\t\t\t<\/a>","protected":false},"excerpt":{"rendered":"<p>PT Stress Busters M\u00e1s de un tercio de los adultos estadounidenses se sienten abrumados la mayor\u00eda de los d\u00edas, por lo que estamos creando conciencia sobre el papel vital [\u2026]<\/p>","protected":false},"author":6,"featured_media":0,"parent":0,"menu_order":0,"comment_status":"closed","ping_status":"closed","template":"","meta":{"_acf_changed":false,"footnotes":""},"class_list":["post-19191","page","type-page","status-publish","hentry"],"acf":[],"yoast_head":"<!-- This site is optimized with the Yoast SEO plugin v26.8 - https:\/\/yoast.com\/product\/yoast-seo-wordpress\/ -->\n<title>In the Community | BreakThrough Physical Therapy<\/title>\n<meta name=\"robots\" content=\"index, follow, max-snippet:-1, max-image-preview:large, max-video-preview:-1\" \/>\n<link rel=\"canonical\" href=\"https:\/\/breakthrough-pt.com\/es\/community\/\" \/>\n<meta property=\"og:locale\" content=\"es_MX\" \/>\n<meta property=\"og:type\" content=\"article\" \/>\n<meta property=\"og:title\" content=\"In the Community | BreakThrough Physical Therapy\" \/>\n<meta property=\"og:description\" content=\"PT Stress Busters More than a third of U.S. adults feel overwhelmed most days, which is why we are raising awareness about the vital role [&hellip;]\" \/>\n<meta property=\"og:url\" content=\"https:\/\/breakthrough-pt.com\/es\/community\/\" \/>\n<meta property=\"og:site_name\" content=\"BreakThrough Physical Therapy\" \/>\n<meta property=\"og:image\" content=\"https:\/\/aptclinics.com\/wp-content\/uploads\/sites\/29\/2024\/09\/2024-October-DidYouKnow-Inforgraphic-Slide-1-v2.png\" \/>\n<meta name=\"twitter:card\" content=\"summary_large_image\" \/>\n<meta name=\"twitter:label1\" content=\"Tiempo de lectura\" \/>\n\t<meta name=\"twitter:data1\" content=\"3 minutos\" \/>\n<script type=\"application\/ld+json\" class=\"yoast-schema-graph\">{\"@context\":\"https:\/\/schema.org\",\"@graph\":[{\"@type\":\"WebPage\",\"@id\":\"https:\/\/breakthrough-pt.com\/es\/community\/\",\"url\":\"https:\/\/breakthrough-pt.com\/es\/community\/\",\"name\":\"In the Community | BreakThrough Physical Therapy\",\"isPartOf\":{\"@id\":\"https:\/\/breakthrough-pt.com\/es\/#website\"},\"primaryImageOfPage\":{\"@id\":\"https:\/\/breakthrough-pt.com\/es\/community\/#primaryimage\"},\"image\":{\"@id\":\"https:\/\/breakthrough-pt.com\/es\/community\/#primaryimage\"},\"thumbnailUrl\":\"https:\/\/aptclinics.com\/wp-content\/uploads\/sites\/29\/2024\/09\/2024-October-DidYouKnow-Inforgraphic-Slide-1-v2.png\",\"datePublished\":\"2024-05-14T20:40:25+00:00\",\"breadcrumb\":{\"@id\":\"https:\/\/breakthrough-pt.com\/es\/community\/#breadcrumb\"},\"inLanguage\":\"es\",\"potentialAction\":[{\"@type\":\"ReadAction\",\"target\":[\"https:\/\/breakthrough-pt.com\/es\/community\/\"]}]},{\"@type\":\"ImageObject\",\"inLanguage\":\"es\",\"@id\":\"https:\/\/breakthrough-pt.com\/es\/community\/#primaryimage\",\"url\":\"https:\/\/aptclinics.com\/wp-content\/uploads\/sites\/29\/2024\/09\/2024-October-DidYouKnow-Inforgraphic-Slide-1-v2.png\",\"contentUrl\":\"https:\/\/aptclinics.com\/wp-content\/uploads\/sites\/29\/2024\/09\/2024-October-DidYouKnow-Inforgraphic-Slide-1-v2.png\"},{\"@type\":\"BreadcrumbList\",\"@id\":\"https:\/\/breakthrough-pt.com\/es\/community\/#breadcrumb\",\"itemListElement\":[{\"@type\":\"ListItem\",\"position\":1,\"name\":\"Home\",\"item\":\"https:\/\/breakthrough-pt.com\/\"},{\"@type\":\"ListItem\",\"position\":2,\"name\":\"In the Community\"}]},{\"@type\":\"WebSite\",\"@id\":\"https:\/\/breakthrough-pt.com\/es\/#website\",\"url\":\"https:\/\/breakthrough-pt.com\/es\/\",\"name\":\"BreakThrough Physical Therapy\",\"description\":\"\",\"potentialAction\":[{\"@type\":\"SearchAction\",\"target\":{\"@type\":\"EntryPoint\",\"urlTemplate\":\"https:\/\/breakthrough-pt.com\/es\/?s={search_term_string}\"},\"query-input\":{\"@type\":\"PropertyValueSpecification\",\"valueRequired\":true,\"valueName\":\"search_term_string\"}}],\"inLanguage\":\"es\"}]}<\/script>\n<!-- \/ Yoast SEO plugin. -->","yoast_head_json":{"title":"In the Community | BreakThrough Physical Therapy","robots":{"index":"index","follow":"follow","max-snippet":"max-snippet:-1","max-image-preview":"max-image-preview:large","max-video-preview":"max-video-preview:-1"},"canonical":"https:\/\/breakthrough-pt.com\/es\/community\/","og_locale":"es_MX","og_type":"article","og_title":"In the Community | BreakThrough Physical Therapy","og_description":"PT Stress Busters More than a third of U.S. adults feel overwhelmed most days, which is why we are raising awareness about the vital role [&hellip;]","og_url":"https:\/\/breakthrough-pt.com\/es\/community\/","og_site_name":"BreakThrough Physical Therapy","og_image":[{"url":"https:\/\/aptclinics.com\/wp-content\/uploads\/sites\/29\/2024\/09\/2024-October-DidYouKnow-Inforgraphic-Slide-1-v2.png","type":"","width":"","height":""}],"twitter_card":"summary_large_image","twitter_misc":{"Tiempo de lectura":"3 minutos"},"schema":{"@context":"https:\/\/schema.org","@graph":[{"@type":"WebPage","@id":"https:\/\/breakthrough-pt.com\/es\/community\/","url":"https:\/\/breakthrough-pt.com\/es\/community\/","name":"In the Community | BreakThrough Physical Therapy","isPartOf":{"@id":"https:\/\/breakthrough-pt.com\/es\/#website"},"primaryImageOfPage":{"@id":"https:\/\/breakthrough-pt.com\/es\/community\/#primaryimage"},"image":{"@id":"https:\/\/breakthrough-pt.com\/es\/community\/#primaryimage"},"thumbnailUrl":"https:\/\/aptclinics.com\/wp-content\/uploads\/sites\/29\/2024\/09\/2024-October-DidYouKnow-Inforgraphic-Slide-1-v2.png","datePublished":"2024-05-14T20:40:25+00:00","breadcrumb":{"@id":"https:\/\/breakthrough-pt.com\/es\/community\/#breadcrumb"},"inLanguage":"es","potentialAction":[{"@type":"ReadAction","target":["https:\/\/breakthrough-pt.com\/es\/community\/"]}]},{"@type":"ImageObject","inLanguage":"es","@id":"https:\/\/breakthrough-pt.com\/es\/community\/#primaryimage","url":"https:\/\/aptclinics.com\/wp-content\/uploads\/sites\/29\/2024\/09\/2024-October-DidYouKnow-Inforgraphic-Slide-1-v2.png","contentUrl":"https:\/\/aptclinics.com\/wp-content\/uploads\/sites\/29\/2024\/09\/2024-October-DidYouKnow-Inforgraphic-Slide-1-v2.png"},{"@type":"BreadcrumbList","@id":"https:\/\/breakthrough-pt.com\/es\/community\/#breadcrumb","itemListElement":[{"@type":"ListItem","position":1,"name":"Home","item":"https:\/\/breakthrough-pt.com\/"},{"@type":"ListItem","position":2,"name":"In the Community"}]},{"@type":"WebSite","@id":"https:\/\/breakthrough-pt.com\/es\/#website","url":"https:\/\/breakthrough-pt.com\/es\/","name":"Fisioterapia innovadora","description":"","potentialAction":[{"@type":"SearchAction","target":{"@type":"EntryPoint","urlTemplate":"https:\/\/breakthrough-pt.com\/es\/?s={search_term_string}"},"query-input":{"@type":"PropertyValueSpecification","valueRequired":true,"valueName":"search_term_string"}}],"inLanguage":"es"}]}},"jetpack_sharing_enabled":true,"_links":{"self":[{"href":"https:\/\/breakthrough-pt.com\/es\/wp-json\/wp\/v2\/pages\/19191","targetHints":{"allow":["GET"]}}],"collection":[{"href":"https:\/\/breakthrough-pt.com\/es\/wp-json\/wp\/v2\/pages"}],"about":[{"href":"https:\/\/breakthrough-pt.com\/es\/wp-json\/wp\/v2\/types\/page"}],"author":[{"embeddable":true,"href":"https:\/\/breakthrough-pt.com\/es\/wp-json\/wp\/v2\/users\/6"}],"replies":[{"embeddable":true,"href":"https:\/\/breakthrough-pt.com\/es\/wp-json\/wp\/v2\/comments?post=19191"}],"version-history":[{"count":0,"href":"https:\/\/breakthrough-pt.com\/es\/wp-json\/wp\/v2\/pages\/19191\/revisions"}],"wp:attachment":[{"href":"https:\/\/breakthrough-pt.com\/es\/wp-json\/wp\/v2\/media?parent=19191"}],"curies":[{"name":"wp","href":"https:\/\/api.w.org\/{rel}","templated":true}]}}