{"id":19001,"date":"2023-09-29T13:42:27","date_gmt":"2023-09-29T13:42:27","guid":{"rendered":"https:\/\/breakthrough-pt.com\/?page_id=18782"},"modified":"2025-09-22T15:12:47","modified_gmt":"2025-09-22T15:12:47","slug":"about-us-2","status":"publish","type":"page","link":"https:\/\/breakthrough-pt.com\/es\/careers\/","title":{"rendered":"Carreras en Breakthrough"},"content":{"rendered":"<p>Me encanta donde trabajas. Trabaja donde juegas.<\/p>    \n\t\t\t\t<img decoding=\"async\" src=\"https:\/\/breakthrough-pt.com\/wp-content\/uploads\/sites\/25\/2023\/09\/Letter-from-CEO.png\" alt=\"Letter-from-CEO\" itemprop=\"image\" height=\"534\" width=\"831\" title=\"Carta del CEO\" onerror=\"this.style.display='none'\" loading='lazy' \/>\n<h2>\n\t\t\tRICA CULTURA DE EMPRESA\t<\/h2>\n\t<p><strong>HAZTE PARTE DE NUESTRA CULTURA \u2013 NUESTRA FAMILIA <\/strong><\/p>\n<p>Ingrese a cualquiera de nuestras ubicaciones y lo sentir\u00e1: una cultura de cuidado, compasi\u00f3n y conexi\u00f3n humana. Nuestro compromiso con nuestra cultura de priorizar a las personas es profundo. Breakthrough se asegura formalmente de cuidar a nuestros empleados necesitados. A medida que nuestra empresa crece, tambi\u00e9n crece esa lista.<\/p>\n\t<p><img loading=\"lazy\" decoding=\"async\" src=\"https:\/\/breakthrough-pt.com\/wp-content\/uploads\/sites\/25\/2022\/11\/cropped-favicon-300x300.png\" alt=\"\" width=\"50\" height=\"50\" \/><\/p>\n<h4>Posiciones de fisioterapeutas<\/h4>\n<p><a href=\"https:\/\/careers.goconfluent.com\/careers-home\/jobs?tags2=Breakthrough%20Physical%20Therapy&#038;page=1&#038;categories=Physical%20Therapist\" target=\"_blank\" rel=\"noopener\">Ver Aperturas <\/a><\/p>\n\t<p><img loading=\"lazy\" decoding=\"async\" src=\"https:\/\/breakthrough-pt.com\/wp-content\/uploads\/sites\/25\/2022\/11\/cropped-favicon-300x300.png\" alt=\"\" width=\"50\" height=\"50\" \/><\/p>\n<h4>Asistente de fisioterapeuta<\/h4>\n<p><a href=\"https:\/\/careers.goconfluent.com\/careers-home\/jobs?tags2=Breakthrough%20Physical%20Therapy&#038;page=1&#038;categories=Physical%20Therapist%20Assistant\" target=\"_blank\" rel=\"noopener\">Ver Aperturas <\/a><\/p>\n\t<p><img loading=\"lazy\" decoding=\"async\" src=\"https:\/\/breakthrough-pt.com\/wp-content\/uploads\/sites\/25\/2022\/11\/cropped-favicon-300x300.png\" alt=\"\" width=\"50\" height=\"50\" \/><\/p>\n<h4>Posiciones t\u00e9cnicas de fisioterapeuta<\/h4>\n<p><a href=\"https:\/\/careers.goconfluent.com\/careers-home\/jobs?tags2=Breakthrough%20Physical%20Therapy&#038;page=1&#038;categories=Technician%2FAide\" target=\"_blank\" rel=\"noopener\">Ver Aperturas <\/a><\/p>\n\t<p><img loading=\"lazy\" decoding=\"async\" src=\"https:\/\/breakthrough-pt.com\/wp-content\/uploads\/sites\/25\/2022\/11\/cropped-favicon-300x300.png\" alt=\"\" width=\"50\" height=\"50\" \/><\/p>\n<h4>Puestos Administrativos<\/h4>\n<p><a href=\"https:\/\/careers.goconfluent.com\/careers-home\/jobs?tags2=Breakthrough%20Physical%20Therapy&#038;page=1&#038;categories=Administrative%2FClerical\" target=\"_blank\" rel=\"noopener\">Ver Aperturas <\/a><\/p>\n\t<p><img loading=\"lazy\" decoding=\"async\" src=\"https:\/\/breakthrough-pt.com\/wp-content\/uploads\/sites\/25\/2022\/11\/cropped-favicon-300x300.png\" alt=\"\" width=\"50\" height=\"50\" \/><\/p>\n<h4>Clinic Director Positions<\/h4>\n<p><a href=\"https:\/\/careers.goconfluent.com\/breakthrough-physical-therapy\/jobs?page=1&#038;categories=Clinic%20Director\" target=\"_blank\" rel=\"noopener\">Ver Aperturas <\/a><\/p>\n\t\t\t<a href=\"https:\/\/careers.goconfluent.com\/breakthrough-physical-therapy\/jobs\" target=\"_blank\" role=\"button\" rel=\"noopener\">\n\t\t\t\t\t\t\tVer todas las posiciones\t\t\t\t\t\t\t\t\t\n\t\t\t\t\t<\/a>\n<h2>\n\t\t\tLO QUE CREEMOS\t<\/h2>\n\t\t\t\t<img decoding=\"async\" src=\"https:\/\/breakthrough-pt.com\/wp-content\/uploads\/sites\/25\/2023\/10\/Learning-Icon-NEW-1.png\" alt=\"Learning-Icon-NEW\" itemprop=\"image\" height=\"133\" width=\"164\" title=\"Icono de aprendizaje-NUEVO\" onerror=\"this.style.display='none'\" loading='lazy' \/>\n\t<h4>El aprendizaje nunca se detiene<\/h4>\n\n<p>\u00bfCrec\u00ed hoy?<\/p>\n\t\t\t\t<img decoding=\"async\" src=\"https:\/\/breakthrough-pt.com\/wp-content\/uploads\/sites\/25\/2023\/10\/icon-3-1.png\" alt=\"icon-3\" itemprop=\"image\" height=\"133\" width=\"164\" title=\"icono-3\" onerror=\"this.style.display='none'\" loading='lazy' \/>\n\t<h4>Divertirse<\/h4>\n\n<p>\u00bfJuego en el trabajo?<\/p>\n\t\t\t\t<img decoding=\"async\" src=\"https:\/\/breakthrough-pt.com\/wp-content\/uploads\/sites\/25\/2023\/10\/icon-2-1.png\" alt=\"icon-2\" itemprop=\"image\" height=\"133\" width=\"164\" title=\"icono-2\" onerror=\"this.style.display='none'\" loading='lazy' \/>\n\t<h4>Haz lo correcto<\/h4>\n\n<p>\u00bfMam\u00e1 lo aprobar\u00eda?<\/p>\n\t\t\t\t<img decoding=\"async\" src=\"https:\/\/breakthrough-pt.com\/wp-content\/uploads\/sites\/25\/2023\/10\/Health-Icon-1.png\" alt=\"Health-Icon\" itemprop=\"image\" height=\"133\" width=\"164\" title=\"Icono de salud\" onerror=\"this.style.display='none'\" loading='lazy' \/>\n\t<h4>Servir con pasi\u00f3n<\/h4>\n\n<p>\u00bfC\u00f3mo estoy marcando la diferencia?<\/p>\n\t\t\t\t<img decoding=\"async\" src=\"https:\/\/breakthrough-pt.com\/wp-content\/uploads\/sites\/25\/2023\/10\/SISU-Icon-1.png\" alt=\"SISU-Icon\" itemprop=\"image\" height=\"133\" width=\"164\" title=\"Icono SISU\" onerror=\"this.style.display='none'\" loading='lazy' \/>\n\t<h4>SISU<\/h4>\n\n<p>\u00bfEstoy enfrentando los desaf\u00edos con valor?<\/p>\n<h4>\n\t\t\t\u00bfPOR QU\u00c9 TRABAJAR PARA Breakthrough, UN MIEMBRO DE LA FAMILIA CONFLUENT HEALTH?\t<\/h4>\n\t<p>Breakthrough es miembro de la familia de Confluent Health. Confluent Health es una familia de empresas de fisioterapia y terapia ocupacional que transforman la atenci\u00f3n m\u00e9dica fortaleciendo las pr\u00e1cticas privadas, desarrollando m\u00e9dicos altamente efectivos y reduciendo los costos de atenci\u00f3n m\u00e9dica a trav\u00e9s del bienestar en el lugar de trabajo y la prevenci\u00f3n de lesiones. Esta es una organizaci\u00f3n que no se parece a ninguna otra, con posibilidades incomparables para practicar, aprender y dominar la profesi\u00f3n, realizar un trabajo significativo que impacte vidas y crear su camino hacia el \u00e9xito futuro.<\/p>\n\t<p><strong>COMPROMISO CON LA EXCELENCIA<\/strong><\/p>\n<p>Somos el lugar preferido para trabajar y un lugar donde puedes prosperar. Logramos esto a trav\u00e9s de s\u00f3lidos programas de desarrollo profesional, paquetes de beneficios competitivos, un programa de reembolso de pr\u00e9stamos estudiantiles y un plan de incentivos a largo plazo, as\u00ed como un camino hacia posiciones de liderazgo. Tenemos m\u00e1s terapeutas propietarios que cualquier otra empresa de fisioterapia, lo que le brinda un potencial de crecimiento profesional inigualable. \u00a1Qu\u00e9 mejor lugar para comenzar o continuar tu carrera que con nosotros!<\/p>\n<p><strong>COMPROMISO CON LA EDUCACI\u00d3N<\/strong><\/p>\n<p>Convertirse en un maestro cl\u00ednico a trav\u00e9s de Confluent Health es un compromiso bilateral. Invertimos en su desarrollo a trav\u00e9s de tutor\u00edas y cursos de educaci\u00f3n profesional a lo largo de su trayectoria profesional. Financiamos tanto su participaci\u00f3n en el programa como el examen de certificaci\u00f3n. A su vez, usted se compromete a participar en un programa de tutor\u00eda y capacitaci\u00f3n para ser elegible para la certificaci\u00f3n de la junta. Estos programas se realizan con el l\u00edder nacional en capacitaci\u00f3n posprofesional, Evidence In Motion (EIM), que tambi\u00e9n forma parte de Confluent Health. A todos los nuevos empleados se les asigna un mentor durante los primeros 6 meses de empleo y se les ayuda a crear un plan de desarrollo profesional dentro de los 30 d\u00edas posteriores a la contrataci\u00f3n. Al inicio de su certificaci\u00f3n profesional, residencia o programa de becas, se completar\u00e1 un acuerdo adicional con un compromiso de servicio. A medida que se especializa, su compensaci\u00f3n crece a trav\u00e9s de nuestro Programa de Academia de Excelencia Cl\u00ednica (ACE). Nuestro compromiso con la educaci\u00f3n ha llevado a que Confluent Health tenga m\u00e1s terapeutas certificados que cualquier otra empresa de fisioterapia en los Estados Unidos, por lo que aprender\u00e1 de los mejores del sector.<\/p>\n<p><strong>COMPROMISO CON EL CRECIMIENTO FINANCIERO<\/strong><\/p>\n<p>Como terapeuta de Confluent Health, tiene beneficios que fortalecen su situaci\u00f3n financiera y reducen la carga fiscal. Nuestro completo programa de contrapartida 401(k) le permite ahorrar para su futuro, incluida la jubilaci\u00f3n. Si la deuda de pr\u00e9stamos estudiantiles le pesa, estamos aqu\u00ed para aligerarla. Como pioneros en la industria, ofrecemos un plan de contrapartida aprobado por el IRS. Al asignar una parte de su n\u00f3mina, recibe una contribuci\u00f3n equivalente definida para su pr\u00e9stamo estudiantil que est\u00e1 libre de impuestos. \u00a1Prosperar\u00e1s como prospera Confluent Health! Sabemos que todos estos programas pueden resultar abrumadores, pero no te preocupes. Contamos con expertos para responder todas tus preguntas y guiarte en cada paso del camino.<\/p>\n            <h3>Ven a florecer con nosotros<\/h3>\n            <ul><li>Compensaci\u00f3n competitiva<\/li><li>Rica cultura empresarial<\/li><li>Paquete de PTO generoso<\/li><li>Excelentes beneficios para la salud<\/li><li>Reembolso de pr\u00e9stamos estudiantiles<\/li><li>Rutas integrales de liderazgo y educaci\u00f3n cl\u00ednica<\/li><\/ul>        \n    <h2>\n\t\t\tBENEFICIOS Preguntas y respuestas\t<\/h2>\n\t\t\t\t\t\t<h5>\u00bfCONFLUENT HEALTH LE AYUDAR\u00c1 A PAGAR LA DEUDA DE SU PR\u00c9STAMO ESTUDIANTIL?<\/h5>\n\t\t\t<p>S\u00ed, para fisioterapeutas, terapeutas ocupacionales, logopedas y entrenadores deportivos de tiempo completo que tengan una maestr\u00eda en una de nuestras empresas asociadas de Confluent Health, Confluent Health igualar\u00e1 50% hasta $1,300 por a\u00f1o hasta que cumpla dos a\u00f1os de servicio y luego aumenta a $1,500 por a\u00f1o. Nuestra contrapartida de pr\u00e9stamos estudiantiles l\u00edder en la industria no est\u00e1 sujeta a impuestos hasta el m\u00e1ximo permitido por el IRS y se paga directamente al instituto de pr\u00e9stamos.<\/p>\n\t\t\t\t\t\t<h5>DOES CONFLUENT HEALTH OFFER AN INDUSTRY LEADING 401(K) MATCHING BENEFIT OF DOLLAR-FOR-DOLLAR MATCH?<\/h5>\n\t\t\t<p>S\u00ed, Confluent Health iguala d\u00f3lar por d\u00f3lar hasta 4% de su compensaci\u00f3n elegible.<\/p>\n\t\t\t\t\t\t<h5>HOW MANY MEDICAL PLAN OPTIONS DO YOU HAVE TO SELECT FROM BASED ON YOUR PERSONAL NEEDS?<\/h5>\n\t\t\t<p>Confluent Health ofrece tres planes m\u00e9dicos para elegir seg\u00fan sus necesidades personales: un plan con deducible alto y dos planes PPO. En los dos planes m\u00e9dicos PPO, Confluent Health ofrece visitas gratuitas de fisioterapia, \u00a1un beneficio l\u00edder en la industria! El plan de deducible alto tiene un componente de cuenta de ahorros para la salud para que usted ahorre dinero antes de impuestos. Si se inscribe en una HSA, la empresa iguala los montos establecidos seg\u00fan los planes individuales y familiares. Una HSA se puede utilizar para pagar recetas, visitas al m\u00e9dico y gastos dentales y de la vista. Para los residentes de California, a los empleados elegibles para beneficios se les ofrecen dos opciones de HMO a trav\u00e9s de Kaiser.<\/p>\n\t\t\t\t\t\t<h5>DOES CONFLUENT HEALTH HAVE A STRUCTURED PROFESSIONAL GROWTH AND DEVELOPMENT PROGRAM?<\/h5>\n\t\t\t<p>S\u00ed, uno de los valores fundamentales de Confluent Health es fomentar la educaci\u00f3n continua. El programa de la Academia de Excelencia Cl\u00ednica (ACE) permite a nuestros m\u00e9dicos el camino totalmente financiado y respaldado para convertirse en m\u00e9dicos maestros a trav\u00e9s de la certificaci\u00f3n de la junta, la participaci\u00f3n comunitaria y el desarrollo profesional.<\/p>\n\t\t\t\t\t\t<h5>DOES CONFLUENT HEALTH PROVIDE FINANCIAL SUPPORT TO OBTAIN YOUR POST-PROFESSIONAL RESIDENCY?<\/h5>\n\t\t\t<p>Si se le asigna uno de nuestros muchos sitios de residencia, \u00a1su residencia se pagar\u00e1 en su totalidad!<\/p>\n\t\t\t\t\t\t<h5>\u00bfCONFLUENT HEALTH TE PERMITE SER VOLUNTARIO?<\/h5>\n\t\t\t<p>S\u00ed, Confluent Health no se trata solo de curar cuerpos: buscamos empoderar a las comunidades y fomentar el bienestar. Con varias oportunidades de voluntariado en toda la empresa, se anima a nuestros terapeutas a participar para devolver y mejorar vidas para promover una comunidad m\u00e1s saludable.<\/p>\n\t\t\t\t\t\t<h5>HOW DOES CONFLUENT HEALTH PROVIDE SUPPORT TO THEIR OWN EMPLOYEES GOING THROUGH A HARDSHIP?<\/h5>\n\t\t\t<p>CHEF, la Fundaci\u00f3n de Empleados de Confluent Health, se inici\u00f3 para brindar recursos a todos los empleados activos en situaciones de crisis, que incluyen, entre otras, muerte, incendio, desastre natural, enfermedad, lesiones personales, emergencias y otras dificultades financieras. CHEF est\u00e1 totalmente financiado por los empleados de Confluent Health para ayudar a otros empleados en momentos de necesidad. EAP (Programa de asistencia al empleado) es un recurso confidencial que le ayuda a afrontar los desaf\u00edos de la vida y las exigencias que conlleva el equilibrio entre el hogar y el trabajo. A trav\u00e9s de este beneficio, usted puede elegir referencias profesionales confidenciales y hasta cinco (5) sesiones de asesoramiento cara a cara para una amplia variedad de inquietudes.<\/p>\n\n<h2>\n\t\t\tEL APRENDIZAJE NUNCA SE DETIENE\t<\/h2>\n\t<p><strong>PROGRAMA DE DESARROLLO PROFESIONAL<\/strong><\/p>\n<p>Con nuestro compromiso con la excelencia y el aprendizaje continuo, se beneficiar\u00e1 de nuestro s\u00f3lido programa y beneficios de desarrollo profesional. A todos los nuevos empleados se les asigna un mentor durante los primeros 6 meses de empleo y se les ayuda a crear un plan de desarrollo profesional dentro de los 30 d\u00edas posteriores a la contrataci\u00f3n.<\/p>\n<p>Se beneficiar\u00e1 de una variedad de ofertas educativas para ampliar su visi\u00f3n cl\u00ednica y comercial, incluidos, entre otros, cursos de desarrollo, certificaciones y un programa de residencia de 12 a 18 meses para fisioterapeutas elegibles. Completar estos programas es una forma de ayudarlo a prepararse para tomar el examen de Certificaci\u00f3n de Especialista patrocinado por la Junta Estadounidense de Especialidades en Terapia F\u00edsica. Muchos de nuestros programas educativos est\u00e1n subsidiados por Confluent Health, mientras que otros tienen descuentos significativos.<\/p>\n<p>Se puede proporcionar asistencia financiera y la inscripci\u00f3n en cualquier programa de desarrollo profesional est\u00e1 sujeta a los t\u00e9rminos y condiciones del programa aplicable.<\/p>\n<h2>\n\t\t\tLo que nuestro equipo tiene que decir\t<\/h2>\n\t\t\t\t<img decoding=\"async\" src=\"https:\/\/breakthrough-pt.com\/wp-content\/uploads\/sites\/25\/2023\/10\/Smurtri-Shah.png\" alt=\"Smurtri Shah\" itemprop=\"image\" height=\"524\" width=\"537\" title=\"Smurtri Shah\" onerror=\"this.style.display='none'\" loading='lazy' \/>\n\t<p>\u201cLo que distingue a Breakthrough es la conectividad perfecta<br \/>proporciona a trav\u00e9s de Teams, lo que me permite interactuar con la comunidad de Breakthrough y Confluent Health. Este recurso me permite aprender y contribuir a una red de PT, fomentando una cultura de crecimiento e innovaci\u00f3n. La capacidad de conectarme y colaborar con esta comunidad me ayuda a seguir creciendo como fisioterapeuta y fortalece la atenci\u00f3n excepcional que brindamos en Breakthrough\u201d.<\/p>\n<p><strong>SMURTI SHAH<\/strong><br \/><strong>PT, TED, OCS<\/strong><\/p>\n\t\t\t\t<img decoding=\"async\" src=\"https:\/\/breakthrough-pt.com\/wp-content\/uploads\/sites\/25\/2023\/10\/Drew-Schlabach.png\" alt=\"Drew Schlabach\" itemprop=\"image\" height=\"524\" width=\"537\" title=\"Drew-Schlabach\" onerror=\"this.style.display='none'\" loading='lazy' \/>\n\t<p>\u201cBreakThrough se ha abierto<br \/>tantas oportunidades para m\u00ed. He podido realizar residencias, becas, cursos de gesti\u00f3n y liderazgo, y no hay l\u00edmite a d\u00f3nde puedes ir si sabes lo que quieres hacer\u201d.<\/p>\n<p>&nbsp;<strong>DREW SCHLABACH<\/strong><br \/><strong>PT, TED, OCS<\/strong><\/p>\n\t\t\t\t<img decoding=\"async\" src=\"https:\/\/breakthrough-pt.com\/wp-content\/uploads\/sites\/25\/2023\/10\/Emily-Kinabrew.png\" alt=\"Emily Kinabrew\" itemprop=\"image\" height=\"524\" width=\"537\" title=\"Emily-Kinabrew\" onerror=\"this.style.display='none'\" loading='lazy' \/>\n\t<p>\u201cTengo la libertad de tratar a los pacientes como prefiero tratarlos. Nuestra empresa hace todo lo posible para promover la educaci\u00f3n continua y todo lo que podamos hacer para mejorar a nuestros pacientes. Tambi\u00e9n lo hacemos mientras nos divertimos en el trabajo todos los d\u00edas, haciendo que nuestros pacientes se sientan c\u00f3modos en las cl\u00ednicas\u201d.<\/p>\n<p><strong>EMILY KINABREW<\/strong><br \/><strong>PT, DPT, LATC<\/strong><\/p>","protected":false},"excerpt":{"rendered":"<p>Me encanta donde trabajas. Trabaja donde juegas. UNA RICA CULTURA DE EMPRESA SEA PARTE DE NUESTRA CULTURA - NUESTRA FAMILIA Ingrese a cualquiera de nuestros [\u2026]<\/p>","protected":false},"author":6,"featured_media":0,"parent":0,"menu_order":3,"comment_status":"closed","ping_status":"closed","template":"","meta":{"_acf_changed":true,"footnotes":""},"class_list":["post-19001","page","type-page","status-publish","hentry"],"acf":[],"yoast_head":"<!-- This site is optimized with the Yoast SEO plugin v26.8 - https:\/\/yoast.com\/product\/yoast-seo-wordpress\/ -->\n<title>Careers at Breakthrough - Physical Therapy Jobs Near Me &amp; Physical Therapy Jobs In North Carolina | BreakThrough Physical Therapy<\/title>\n<meta name=\"description\" content=\"View all of our physical therapy jobs available in North Carolina at BreakThrough PT. We believe that you should love where you work &amp; work where you play! Apply today for our available physical therapy jobs near Charlotte, North Carolina.\" \/>\n<meta name=\"robots\" content=\"index, follow, max-snippet:-1, max-image-preview:large, max-video-preview:-1\" \/>\n<link rel=\"canonical\" href=\"https:\/\/breakthrough-pt.com\/es\/careers\/\" \/>\n<meta property=\"og:locale\" content=\"es_MX\" \/>\n<meta property=\"og:type\" content=\"article\" \/>\n<meta property=\"og:title\" content=\"Careers at Breakthrough - Physical Therapy Jobs Near Me &amp; Physical Therapy Jobs In North Carolina | BreakThrough Physical Therapy\" \/>\n<meta property=\"og:description\" content=\"View all of our physical therapy jobs available in North Carolina at BreakThrough PT. We believe that you should love where you work &amp; work where you play! Apply today for our available physical therapy jobs near Charlotte, North Carolina.\" \/>\n<meta property=\"og:url\" content=\"https:\/\/breakthrough-pt.com\/es\/careers\/\" \/>\n<meta property=\"og:site_name\" content=\"BreakThrough Physical Therapy\" \/>\n<meta property=\"article:modified_time\" content=\"2025-09-22T15:12:47+00:00\" \/>\n<meta property=\"og:image\" content=\"https:\/\/breakthrough-pt.com\/wp-content\/uploads\/sites\/25\/2023\/09\/Letter-from-CEO.png\" \/>\n<meta name=\"twitter:card\" content=\"summary_large_image\" \/>\n<meta name=\"twitter:label1\" content=\"Tiempo de lectura\" \/>\n\t<meta name=\"twitter:data1\" content=\"9 minutos\" \/>\n<script type=\"application\/ld+json\" class=\"yoast-schema-graph\">{\"@context\":\"https:\/\/schema.org\",\"@graph\":[{\"@type\":\"WebPage\",\"@id\":\"https:\/\/breakthrough-pt.com\/es\/careers\/\",\"url\":\"https:\/\/breakthrough-pt.com\/es\/careers\/\",\"name\":\"Careers at Breakthrough - Physical Therapy Jobs Near Me & Physical Therapy Jobs In North Carolina | BreakThrough Physical Therapy\",\"isPartOf\":{\"@id\":\"https:\/\/breakthrough-pt.com\/es\/#website\"},\"primaryImageOfPage\":{\"@id\":\"https:\/\/breakthrough-pt.com\/es\/careers\/#primaryimage\"},\"image\":{\"@id\":\"https:\/\/breakthrough-pt.com\/es\/careers\/#primaryimage\"},\"thumbnailUrl\":\"https:\/\/breakthrough-pt.com\/wp-content\/uploads\/sites\/25\/2023\/09\/Letter-from-CEO.png\",\"datePublished\":\"2023-09-29T13:42:27+00:00\",\"dateModified\":\"2025-09-22T15:12:47+00:00\",\"description\":\"View all of our physical therapy jobs available in North Carolina at BreakThrough PT. We believe that you should love where you work & work where you play! Apply today for our available physical therapy jobs near Charlotte, North Carolina.\",\"breadcrumb\":{\"@id\":\"https:\/\/breakthrough-pt.com\/es\/careers\/#breadcrumb\"},\"inLanguage\":\"es\",\"potentialAction\":[{\"@type\":\"ReadAction\",\"target\":[\"https:\/\/breakthrough-pt.com\/es\/careers\/\"]}]},{\"@type\":\"ImageObject\",\"inLanguage\":\"es\",\"@id\":\"https:\/\/breakthrough-pt.com\/es\/careers\/#primaryimage\",\"url\":\"https:\/\/breakthrough-pt.com\/wp-content\/uploads\/sites\/25\/2023\/09\/Letter-from-CEO.png\",\"contentUrl\":\"https:\/\/breakthrough-pt.com\/wp-content\/uploads\/sites\/25\/2023\/09\/Letter-from-CEO.png\"},{\"@type\":\"BreadcrumbList\",\"@id\":\"https:\/\/breakthrough-pt.com\/es\/careers\/#breadcrumb\",\"itemListElement\":[{\"@type\":\"ListItem\",\"position\":1,\"name\":\"Home\",\"item\":\"https:\/\/breakthrough-pt.com\/\"},{\"@type\":\"ListItem\",\"position\":2,\"name\":\"Careers at Breakthrough\"}]},{\"@type\":\"WebSite\",\"@id\":\"https:\/\/breakthrough-pt.com\/es\/#website\",\"url\":\"https:\/\/breakthrough-pt.com\/es\/\",\"name\":\"BreakThrough Physical Therapy\",\"description\":\"\",\"potentialAction\":[{\"@type\":\"SearchAction\",\"target\":{\"@type\":\"EntryPoint\",\"urlTemplate\":\"https:\/\/breakthrough-pt.com\/es\/?s={search_term_string}\"},\"query-input\":{\"@type\":\"PropertyValueSpecification\",\"valueRequired\":true,\"valueName\":\"search_term_string\"}}],\"inLanguage\":\"es\"}]}<\/script>\n<!-- \/ Yoast SEO plugin. -->","yoast_head_json":{"title":"Careers at Breakthrough - Physical Therapy Jobs Near Me & Physical Therapy Jobs In North Carolina | BreakThrough Physical Therapy","description":"View all of our physical therapy jobs available in North Carolina at BreakThrough PT. We believe that you should love where you work & work where you play! Apply today for our available physical therapy jobs near Charlotte, North Carolina.","robots":{"index":"index","follow":"follow","max-snippet":"max-snippet:-1","max-image-preview":"max-image-preview:large","max-video-preview":"max-video-preview:-1"},"canonical":"https:\/\/breakthrough-pt.com\/es\/careers\/","og_locale":"es_MX","og_type":"article","og_title":"Careers at Breakthrough - Physical Therapy Jobs Near Me & Physical Therapy Jobs In North Carolina | BreakThrough Physical Therapy","og_description":"View all of our physical therapy jobs available in North Carolina at BreakThrough PT. We believe that you should love where you work & work where you play! Apply today for our available physical therapy jobs near Charlotte, North Carolina.","og_url":"https:\/\/breakthrough-pt.com\/es\/careers\/","og_site_name":"BreakThrough Physical Therapy","article_modified_time":"2025-09-22T15:12:47+00:00","og_image":[{"url":"https:\/\/breakthrough-pt.com\/wp-content\/uploads\/sites\/25\/2023\/09\/Letter-from-CEO.png","type":"","width":"","height":""}],"twitter_card":"summary_large_image","twitter_misc":{"Tiempo de lectura":"9 minutos"},"schema":{"@context":"https:\/\/schema.org","@graph":[{"@type":"WebPage","@id":"https:\/\/breakthrough-pt.com\/es\/careers\/","url":"https:\/\/breakthrough-pt.com\/es\/careers\/","name":"Careers at Breakthrough - Physical Therapy Jobs Near Me & Physical Therapy Jobs In North Carolina | BreakThrough Physical Therapy","isPartOf":{"@id":"https:\/\/breakthrough-pt.com\/es\/#website"},"primaryImageOfPage":{"@id":"https:\/\/breakthrough-pt.com\/es\/careers\/#primaryimage"},"image":{"@id":"https:\/\/breakthrough-pt.com\/es\/careers\/#primaryimage"},"thumbnailUrl":"https:\/\/breakthrough-pt.com\/wp-content\/uploads\/sites\/25\/2023\/09\/Letter-from-CEO.png","datePublished":"2023-09-29T13:42:27+00:00","dateModified":"2025-09-22T15:12:47+00:00","description":"View all of our physical therapy jobs available in North Carolina at BreakThrough PT. We believe that you should love where you work & work where you play! Apply today for our available physical therapy jobs near Charlotte, North Carolina.","breadcrumb":{"@id":"https:\/\/breakthrough-pt.com\/es\/careers\/#breadcrumb"},"inLanguage":"es","potentialAction":[{"@type":"ReadAction","target":["https:\/\/breakthrough-pt.com\/es\/careers\/"]}]},{"@type":"ImageObject","inLanguage":"es","@id":"https:\/\/breakthrough-pt.com\/es\/careers\/#primaryimage","url":"https:\/\/breakthrough-pt.com\/wp-content\/uploads\/sites\/25\/2023\/09\/Letter-from-CEO.png","contentUrl":"https:\/\/breakthrough-pt.com\/wp-content\/uploads\/sites\/25\/2023\/09\/Letter-from-CEO.png"},{"@type":"BreadcrumbList","@id":"https:\/\/breakthrough-pt.com\/es\/careers\/#breadcrumb","itemListElement":[{"@type":"ListItem","position":1,"name":"Home","item":"https:\/\/breakthrough-pt.com\/"},{"@type":"ListItem","position":2,"name":"Careers at Breakthrough"}]},{"@type":"WebSite","@id":"https:\/\/breakthrough-pt.com\/es\/#website","url":"https:\/\/breakthrough-pt.com\/es\/","name":"Fisioterapia innovadora","description":"","potentialAction":[{"@type":"SearchAction","target":{"@type":"EntryPoint","urlTemplate":"https:\/\/breakthrough-pt.com\/es\/?s={search_term_string}"},"query-input":{"@type":"PropertyValueSpecification","valueRequired":true,"valueName":"search_term_string"}}],"inLanguage":"es"}]}},"jetpack_sharing_enabled":true,"_links":{"self":[{"href":"https:\/\/breakthrough-pt.com\/es\/wp-json\/wp\/v2\/pages\/19001","targetHints":{"allow":["GET"]}}],"collection":[{"href":"https:\/\/breakthrough-pt.com\/es\/wp-json\/wp\/v2\/pages"}],"about":[{"href":"https:\/\/breakthrough-pt.com\/es\/wp-json\/wp\/v2\/types\/page"}],"author":[{"embeddable":true,"href":"https:\/\/breakthrough-pt.com\/es\/wp-json\/wp\/v2\/users\/6"}],"replies":[{"embeddable":true,"href":"https:\/\/breakthrough-pt.com\/es\/wp-json\/wp\/v2\/comments?post=19001"}],"version-history":[{"count":0,"href":"https:\/\/breakthrough-pt.com\/es\/wp-json\/wp\/v2\/pages\/19001\/revisions"}],"wp:attachment":[{"href":"https:\/\/breakthrough-pt.com\/es\/wp-json\/wp\/v2\/media?parent=19001"}],"curies":[{"name":"wp","href":"https:\/\/api.w.org\/{rel}","templated":true}]}}